{"id":42,"date":"2024-10-29T14:30:26","date_gmt":"2024-10-29T14:30:26","guid":{"rendered":"https:\/\/www.buerkin-elektrotechnik.de\/cms\/?page_id=42"},"modified":"2025-06-25T07:11:48","modified_gmt":"2025-06-25T07:11:48","slug":"impressum-joerg-buerkin-elektrotechnik-gmbh","status":"publish","type":"page","link":"https:\/\/www.buerkin-elektrotechnik.de\/cms\/index.php\/impressum-joerg-buerkin-elektrotechnik-gmbh\/","title":{"rendered":"Impressum"},"content":{"rendered":"\t\t<div data-elementor-type=\"wp-page\" data-elementor-id=\"42\" class=\"elementor elementor-42\" data-elementor-post-type=\"page\">\n\t\t\t\t<div class=\"elementor-element elementor-element-396f9b8 e-con-full e-flex e-con e-parent\" data-id=\"396f9b8\" data-element_type=\"container\" data-e-type=\"container\">\n\t\t\t\t<div class=\"elementor-element elementor-element-43588f8 elementor-widget__width-initial elementor-widget elementor-widget-html\" data-id=\"43588f8\" data-element_type=\"widget\" data-e-type=\"widget\" data-widget_type=\"html.default\">\n\t\t\t\t<div class=\"elementor-widget-container\">\n\t\t\t\t\t<!DOCTYPE html>\r\n<html lang=\"de\">\r\n<head>\r\n  <meta charset=\"UTF-8\">\r\n  <title>Impressum<\/title>\r\n  <style>\r\n    body {\r\n      font-family: Arial, sans-serif;\r\n      line-height: 1.6;\r\n      background-color: #fff;\r\n      color: #000;\r\n    }\r\n\r\n    h1, h2 {\r\n      font-family: Arial, sans-serif;\r\n      font-weight: bold;\r\n      color: #000;\r\n      margin-top: 40px;\r\n      margin-bottom: 10px;\r\n      border: none;\r\n    }\r\n\r\n    h1 {\r\n      font-size: 2em;\r\n    }\r\n\r\n    h2 {\r\n      font-size: 1.4em;\r\n    }\r\n\r\n    p {\r\n      margin: 10px 0;\r\n      font-size: 1em;\r\n      text-align: left;\r\n      padding-left: 0;\r\n    }\r\n\r\n    .section {\r\n      margin-bottom: 30px;\r\n    }\r\n\r\n    a {\r\n      color: #000;\r\n      text-decoration: underline;\r\n      font-size: 1em;\r\n    }\r\n    \r\n      \/* Globaler CSS-Code f\u00fcr Links *\/\r\na {\r\n  word-wrap: break-word;     \/* Erm\u00f6glicht das Umbrechen von langen Links *\/\r\n  overflow-wrap: break-word; \/* Zus\u00e4tzliche Unterst\u00fctzung f\u00fcr neuere Browser *\/\r\n  white-space: normal;       \/* Stellt sicher, dass der Text nicht in einer Zeile bleibt *\/\r\n}\r\n\r\n    \r\n    \r\n    \r\n\r\n    a:hover {\r\n      text-decoration: none;\r\n    }\r\n  <\/style>\r\n<\/head>\r\n<body>\r\n\r\n  <h1>Impressum<\/h1>\r\n\r\n  <div class=\"section\">\r\n    <h2>Angaben gem\u00e4\u00df \u00a7 5 TMG:<\/h2>\r\n    <p><strong>J\u00f6rg B\u00fcrkin Elektrotechnik GmbH<\/strong><br>\r\n    Am Elzdamm 60<br>\r\n    79312 Emmendingen<\/p>\r\n  <\/div>\r\n\r\n  <div class=\"section\">\r\n    <h2>Vertreten durch:<\/h2>\r\n    <p>J\u00f6rg B\u00fcrkin (Gesch\u00e4ftsf\u00fchrer)<\/p>\r\n  <\/div>\r\n\r\n  <div class=\"section\">\r\n    <h2>Kontakt:<\/h2>\r\n    <p>\r\n      Telefon: 07641 \u2013 932191<br>\r\n          E-Mail: <a>info@buerkin-elektrotechnik.de<\/a>\r\n    <\/p>\r\n  <\/div>\r\n\r\n  <div class=\"section\">\r\n    <h2>Registereintrag:<\/h2>\r\n    <p>Eintragung im Handelsregister.<br>\r\n    Registergericht: Amtsgericht Freiburg<br>\r\n    Registernummer: 702524<\/p>\r\n  <\/div>\r\n\r\n  <div class=\"section\">\r\n    <h2>Umsatzsteuer:<\/h2>\r\n    <p>Umsatzsteuer-Identifikationsnummer gem\u00e4\u00df \u00a727 a Umsatzsteuergesetz:<br>\r\n    DE260472064<\/p>\r\n  <\/div>\r\n\r\n  <div class=\"section\">\r\n    <h2>Aufsichtsbeh\u00f6rde:<\/h2>\r\n    <p>\r\n      Handwerkskammer Freiburg<br>\r\n      Bismarckallee 6<br>\r\n      79098 Freiburg<br>\r\n      <a href=\"https:\/\/www.hwk-freiburg.de\" target=\"_blank\">www.hwk-freiburg.de<\/a>\r\n    <\/p>\r\n  <\/div>\r\n\r\n  <div class=\"section\">\r\n    <h2>Berufsbezeichnung und berufsrechtliche Regelungen:<\/h2>\r\n    <p>\r\n      Berufsbezeichnung: Elektromeister<br>\r\n      Zust\u00e4ndige Kammer: Handwerkskammer Freiburg, Bismarckallee 6, 79098 Freiburg<br>\r\n      Verliehen durch: Bundesrepublik Deutschland<br>\r\n      Es gelten folgende berufsrechtliche Regelungen: Handwerksordnung<br>\r\n      Regelungen einsehbar unter: <a href=\"https:\/\/www.gesetze-im-internet.de\/hwo\/\" target=\"_blank\">www.gesetze-im-internet.de\/hwo\/<\/a>\r\n    <\/p>\r\n  <\/div>\r\n\r\n  <div class=\"section\">\r\n    <h2>Angaben zur Berufshaftpflichtversicherung:<\/h2>\r\n    <p>\r\n      Name und Sitz des Versicherers:<br>\r\n      Z\u00fcrich Versicherung<br>\r\n      Z\u00fcrich Beteiligungs-Aktiengesellschaft (Deutschland)<br>\r\n      Platz der Einheit 2<br>\r\n      60327 Frankfurt am Main<br>\r\n      Geltungsraum der Versicherung: Bundesrepublik Deutschland\r\n    <\/p>\r\n  <\/div>\r\n\r\n  <div class=\"section\">\r\n    <h2>Verantwortlich f\u00fcr den Inhalt nach \u00a7 55 Abs. 2 RStV:<\/h2>\r\n    <p>\r\n      J\u00f6rg B\u00fcrkin, Gesch\u00e4ftsf\u00fchrer der<br>\r\n      J\u00f6rg B\u00fcrkin Elektrotechnik GmbH<br>\r\n      Am Elzdamm 60<br>\r\n      79312 Emmendingen\r\n    <\/p>\r\n  <\/div>\r\n\r\n  <div class=\"section\">\r\n    <h2>Streitschlichtung:<\/h2>\r\n    <p>\r\n      Die Europ\u00e4ische Kommission stellt eine Plattform zur Online-Streitbeilegung (OS) bereit: <br>\r\n      <a href=\"https:\/\/ec.europa.eu\/consumers\/odr\" target=\"_blank\">https:\/\/ec.europa.eu\/consumers\/odr<\/a><br>\r\n      Unsere E-Mail-Adresse finden Sie oben im Impressum.<br>\r\n      Wir sind nicht bereit oder verpflichtet, an Streitbeilegungsverfahren vor einer Verbraucherschlichtungsstelle teilzunehmen.\r\n    <\/p>\r\n  <\/div>\r\n\r\n  <div class=\"section\">\r\n    <h2>Haftung f\u00fcr Inhalte:<\/h2>\r\n    <p>\r\n      Als Diensteanbieter sind wir gem\u00e4\u00df \u00a7 7 Abs.1 TMG f\u00fcr eigene Inhalte auf diesen Seiten nach den allgemeinen Gesetzen verantwortlich. Nach \u00a7\u00a7 8 bis 10 TMG sind wir als Diensteanbieter jedoch nicht verpflichtet, \u00fcbermittelte oder gespeicherte fremde Informationen zu \u00fcberwachen oder nach Umst\u00e4nden zu forschen, die auf eine rechtswidrige T\u00e4tigkeit hinweisen.\r\n    <\/p>\r\n    <p>\r\n      Verpflichtungen zur Entfernung oder Sperrung der Nutzung von Informationen nach den allgemeinen Gesetzen bleiben hiervon unber\u00fchrt. Eine diesbez\u00fcgliche Haftung ist jedoch erst ab dem Zeitpunkt der Kenntnis einer konkreten Rechtsverletzung m\u00f6glich. Bei Bekanntwerden von entsprechenden Rechtsverletzungen werden wir diese Inhalte umgehend entfernen.\r\n    <\/p>\r\n  <\/div>\r\n\r\n  <div class=\"section\">\r\n    <h2>Haftung f\u00fcr Links:<\/h2>\r\n    <p>\r\n      Unser Angebot enth\u00e4lt Links zu externen Websites Dritter, auf deren Inhalte wir keinen Einfluss haben. Deshalb k\u00f6nnen wir f\u00fcr diese fremden Inhalte auch keine Gew\u00e4hr \u00fcbernehmen. F\u00fcr die Inhalte der verlinkten Seiten ist stets der jeweilige Anbieter oder Betreiber der Seiten verantwortlich.\r\n    <\/p>\r\n    <p>\r\n      Die verlinkten Seiten wurden zum Zeitpunkt der Verlinkung auf m\u00f6gliche Rechtsverst\u00f6\u00dfe \u00fcberpr\u00fcft. Rechtswidrige Inhalte waren zum Zeitpunkt der Verlinkung nicht erkennbar. Eine permanente inhaltliche Kontrolle der verlinkten Seiten ist jedoch ohne konkrete Anhaltspunkte einer Rechtsverletzung nicht zumutbar. Bei Bekanntwerden von Rechtsverletzungen werden wir derartige Links umgehend entfernen.\r\n    <\/p>\r\n  <\/div>\r\n\r\n  <div class=\"section\">\r\n    <h2>Urheberrecht:<\/h2>\r\n    <p>\r\n      Die durch die Seitenbetreiber erstellten Inhalte und Werke auf diesen Seiten unterliegen dem deutschen Urheberrecht. Die Vervielf\u00e4ltigung, Bearbeitung, Verbreitung und jede Art der Verwertung au\u00dferhalb der Grenzen des Urheberrechtes bed\u00fcrfen der schriftlichen Zustimmung des jeweiligen Autors bzw. Erstellers. Downloads und Kopien dieser Seite sind nur f\u00fcr den privaten, nicht kommerziellen Gebrauch gestattet.\r\n    <\/p>\r\n    <p>\r\n      Soweit die Inhalte auf dieser Seite nicht vom Betreiber erstellt wurden, werden die Urheberrechte Dritter beachtet. Insbesondere werden Inhalte Dritter als solche gekennzeichnet. Sollten Sie trotzdem auf eine Urheberrechtsverletzung aufmerksam werden, bitten wir um einen entsprechenden Hinweis. Bei Bekanntwerden von Rechtsverletzungen werden wir derartige Inhalte umgehend entfernen.\r\n    <\/p>\r\n  <\/div>\r\n\r\n<div class=\"section\">\r\n  <h2>Design & Umsetzung<\/h2>\r\n  <p>\r\n    <a href=\"https:\/\/ideenschmiede.com\" target=\"_blank\" rel=\"noopener noreferrer\">Ideenschmiede GmbH<\/a>\r\n  <\/p>\r\n<\/div>\r\n\r\n\r\n\r\n<\/body>\r\n<\/html>\r\n\t\t\t\t<\/div>\n\t\t\t\t<\/div>\n\t\t\t\t<\/div>\n\t\t<div class=\"elementor-element elementor-element-fb2b69e e-con-full e-flex e-con e-parent\" data-id=\"fb2b69e\" data-element_type=\"container\" data-e-type=\"container\">\n\t\t\t\t<div class=\"elementor-element elementor-element-d7b53cf elementor-widget__width-initial elementor-widget-mobile__width-initial elementor-widget elementor-widget-html\" data-id=\"d7b53cf\" data-element_type=\"widget\" data-e-type=\"widget\" data-widget_type=\"html.default\">\n\t\t\t\t<div class=\"elementor-widget-container\">\n\t\t\t\t\t<!DOCTYPE html>\r\n<html lang=\"en\">\r\n<head>\r\n  <meta charset=\"UTF-8\">\r\n  <title>Legal Notice<\/title>\r\n  <style>\r\n    body {\r\n      font-family: Arial, sans-serif;\r\n      line-height: 1.6;\r\n      background-color: #fff;\r\n      color: #000;\r\n      \/* max-width: 900px; Entfernt, damit Elementor die Breite steuern kann *\/\r\n    }\r\n\r\n    h1, h2 {\r\n      font-family: Arial, sans-serif;\r\n      font-weight: bold;\r\n      color: #000;\r\n      margin-top: 40px;\r\n      margin-bottom: 10px;\r\n      border: none; \/* Sicherstellen, dass keine Linie angezeigt wird *\/\r\n    }\r\n\r\n    h1 {\r\n      font-size: 2em;\r\n    }\r\n\r\n    h2 {\r\n      font-size: 1.4em;\r\n    }\r\n\r\n    p {\r\n      margin: 10px 0;\r\n      font-size: 1em; \/* Setzt die Schriftgr\u00f6\u00dfe des Textes auf 1em *\/\r\n      text-align: left; \/* Text linksb\u00fcndig ausrichten *\/\r\n      padding-left: 0; \/* Entfernt alle linken Abst\u00e4nde *\/\r\n    }\r\n\r\n    .section {\r\n      margin-bottom: 30px;\r\n    }\r\n\r\n    a {\r\n      color: #000;\r\n      text-decoration: underline;\r\n      font-size: 1em; \/* Setze die Schriftgr\u00f6\u00dfe f\u00fcr Links und E-Mails auf die gleiche Gr\u00f6\u00dfe wie der Flie\u00dftext *\/\r\n      padding-left: 0; \/* Entfernt m\u00f6gliche Einr\u00fcckungen *\/\r\n    }\r\n\r\n    a:hover {\r\n      text-decoration: none;\r\n    }\r\n\r\n    .address, .contact, .legal {\r\n      margin-left: 0; \/* Entfernt m\u00f6gliche zus\u00e4tzliche Einr\u00fcckung f\u00fcr bestimmte Sektionen *\/\r\n    }\r\n  <\/style>\r\n<\/head>\r\n<body>\r\n\r\n  <h1>Site Notice<\/h1>\r\n\r\n  <div class=\"section\">\r\n    <h2>Information provided according to Sec. 5 German Telemedia Act (TMG)<\/h2>\r\n    <p><strong>J\u00f6rg B\u00fcrkin Elektrotechnik GmbH<\/strong><br>\r\n    Am Elzdamm 60<br>\r\n    79312 Emmendingen<\/p>\r\n  <\/div>\r\n\r\n  <div class=\"section\">\r\n    <h2>Represented by<\/h2>\r\n    <p>J\u00f6rg B\u00fcrkin (Executive Director)<\/p>\r\n  <\/div>\r\n\r\n  <div class=\"section\">\r\n    <h2>Contact<\/h2>\r\n    <p class=\"contact\">\r\n      Telephone: 07641 \u2013 932191 <br>\r\n      Email: <a>info@buerkin-elektrotechnik.de<\/a>\r\n    <\/p>\r\n  <\/div>\r\n\r\n  <div class=\"section\">\r\n    <h2>Register Entry<\/h2>\r\n    <p class=\"legal\">\r\n      Entry in the Handelsregister.<br>\r\n      Registering court: Amtsgericht Freiburg<br>\r\n      Registration number: 702524\r\n    <\/p>\r\n  <\/div>\r\n\r\n  <div class=\"section\">\r\n    <h2>VAT ID<\/h2>\r\n    <p>VAT Id number according to Sec. 27 a German Value Added Tax Act:<br>\r\n    DE260472064<\/p>\r\n  <\/div>\r\n\r\n  <div class=\"section\">\r\n    <h2>Supervising Authority<\/h2>\r\n    <p>\r\n      Handwerkskammer Freiburg<br>\r\n      Bismarckallee 6, 79098 Freiburg<br>\r\n      <a href=\"https:\/\/www.hwk-freiburg.de\" target=\"_blank\">www.hwk-freiburg.de<\/a>\r\n    <\/p>\r\n  <\/div>\r\n\r\n  <div class=\"section\">\r\n    <h2>Job Title and Professional Regulations<\/h2>\r\n    <p>\r\n      Job title: Elektromeister<br>\r\n      Responsible board: Handwerkskammer Freiburg, Bismarckallee 6, 79098 Freiburg<br>\r\n      Authorisation granted by: Federal Republic of Germany<br>\r\n      Applicable regulations: Handwerksordnung<br>\r\n      Accessible under: <a href=\"https:\/\/www.gesetze-im-internet.de\/hwo\/\" target=\"_blank\">www.gesetze-im-internet.de\/hwo\/<\/a>\r\n    <\/p>\r\n  <\/div>\r\n\r\n  <div class=\"section\">\r\n    <h2>Professional Indemnity Insurance<\/h2>\r\n    <p>\r\n      Name and residence of insurer:<br>\r\n      Z\u00fcrich Versicherung<br>\r\n      Z\u00fcrich Beteiligungs-Aktiengesellschaft (Deutschland)<br>\r\n      Platz der Einheit 2, 60327 Frankfurt am Main<br>\r\n      Scope of insurance: Germany\r\n    <\/p>\r\n  <\/div>\r\n\r\n  <div class=\"section\">\r\n    <h2>Responsible for Contents acc. to Sec. 55, para. 2 RStV<\/h2>\r\n    <p>\r\n      J\u00f6rg B\u00fcrkin, Executive Director<br>\r\n      J\u00f6rg B\u00fcrkin Elektrotechnik GmbH<br>\r\n      Am Elzdamm 60, 79312 Emmendingen\r\n    <\/p>\r\n  <\/div>\r\n\r\n  <div class=\"section\">\r\n    <h2>Dispute Resolution<\/h2>\r\n    <p>\r\n      The European Commission provides a platform for online dispute resolution (OS):<br>\r\n      <a href=\"https:\/\/ec.europa.eu\/consumers\/odr\" target=\"_blank\">https:\/\/ec.europa.eu\/consumers\/odr<\/a><br>\r\n      Please find our email address above.<br>\r\n      We do not take part in online dispute resolutions at consumer arbitration boards.\r\n    <\/p>\r\n  <\/div>\r\n\r\n  <div class=\"section\">\r\n    <h2>Liability for Contents<\/h2>\r\n    <p>\r\n      As service providers, we are liable for our own contents on these websites according to Sec. 7, para. 1 German Telemedia Act (TMG). However, according to Sec. 8 to 10 TMG, service providers are not obligated to monitor submitted or stored information or to search for evidence indicating illegal activities.\r\n    <\/p>\r\n    <p>\r\n      Legal obligations to remove or block the use of information remain unaffected. In this case, liability is only possible from the time of knowledge about a specific legal violation. Illegal contents will be removed immediately upon discovery.\r\n    <\/p>\r\n  <\/div>\r\n\r\n  <div class=\"section\">\r\n    <h2>Liability for Links<\/h2>\r\n    <p>\r\n      Our website contains links to external websites. We have no control over the contents of those websites and cannot guarantee their accuracy. Providers or administrators of linked websites are always responsible for their own content.\r\n    <\/p>\r\n    <p>\r\n      The linked pages were checked for possible legal violations at the time of linking. Illegal contents were not detected at the time. Permanent monitoring of the linked pages is not reasonable without concrete evidence of a violation. Upon notification of violations, such links will be removed immediately.\r\n    <\/p>\r\n  <\/div>\r\n\r\n  <div class=\"section\">\r\n    <h2>Copyright<\/h2>\r\n    <p>\r\n      Contents and compilations published on these websites by the provider are subject to German copyright laws. Reproduction, editing, distribution or any kind of use outside the scope of copyright law requires written permission from the author or originator.\r\n    <\/p>\r\n    <p>\r\n      Downloads and copies of this website are permitted for private use only. The commercial use of our contents without permission is prohibited.\r\n    <\/p>\r\n    <p>\r\n      Copyright laws of third parties are respected, and third-party contents are marked as such. If you notice copyright violations, please inform us. Such contents will be removed immediately.\r\n    <\/p>\r\n  <\/div>\r\n  \r\n   <div class=\"section\">\r\n    <h2>Design & Implementation<\/h2>\r\n    <p>\r\n      Ideenschmiede GmbH\r\n    <\/p>\r\n     <\/div>\r\n\r\n<\/body>\r\n<\/html>\r\n\t\t\t\t<\/div>\n\t\t\t\t<\/div>\n\t\t\t\t<\/div>\n\t\t\t\t<\/div>\n\t\t","protected":false},"excerpt":{"rendered":"<p>Impressum Impressum Angaben gem\u00e4\u00df \u00a7 5 TMG: J\u00f6rg B\u00fcrkin Elektrotechnik GmbH Am Elzdamm 60 79312 Emmendingen Vertreten durch: J\u00f6rg B\u00fcrkin (Gesch\u00e4ftsf\u00fchrer) Kontakt: Telefon: 07641 \u2013 932191 E-Mail: info@buerkin-elektrotechnik.de Registereintrag: Eintragung im Handelsregister. Registergericht: Amtsgericht Freiburg Registernummer: 702524 Umsatzsteuer: Umsatzsteuer-Identifikationsnummer gem\u00e4\u00df \u00a727 a Umsatzsteuergesetz: DE260472064 Aufsichtsbeh\u00f6rde: Handwerkskammer Freiburg Bismarckallee 6 79098 Freiburg www.hwk-freiburg.de Berufsbezeichnung und berufsrechtliche [&hellip;]<\/p>\n","protected":false},"author":2,"featured_media":0,"parent":0,"menu_order":0,"comment_status":"closed","ping_status":"closed","template":"","meta":{"footnotes":""},"class_list":["post-42","page","type-page","status-publish","hentry"],"yoast_head":"<!-- This site is optimized with the Yoast SEO plugin v27.4 - https:\/\/yoast.com\/product\/yoast-seo-wordpress\/ -->\n<title>Impressum | J\u00f6rg B\u00fcrkin Elektrotechnik GmbH<\/title>\n<meta name=\"description\" content=\"Impressum von J\u00f6rg B\u00fcrkin Elektrotechnik: Hier finden Sie alle rechtlichen Informationen zu unserem Unternehmen.\" \/>\n<meta name=\"robots\" content=\"index, follow, max-snippet:-1, max-image-preview:large, max-video-preview:-1\" \/>\n<link rel=\"canonical\" href=\"https:\/\/www.buerkin-elektrotechnik.de\/cms\/index.php\/impressum-joerg-buerkin-elektrotechnik-gmbh\/\" \/>\n<meta property=\"og:locale\" content=\"de_DE\" \/>\n<meta property=\"og:type\" content=\"article\" \/>\n<meta property=\"og:title\" content=\"Impressum | J\u00f6rg B\u00fcrkin Elektrotechnik GmbH\" \/>\n<meta property=\"og:description\" content=\"Impressum von J\u00f6rg B\u00fcrkin Elektrotechnik: Hier finden Sie alle rechtlichen Informationen zu unserem Unternehmen.\" \/>\n<meta property=\"og:url\" content=\"https:\/\/www.buerkin-elektrotechnik.de\/cms\/index.php\/impressum-joerg-buerkin-elektrotechnik-gmbh\/\" \/>\n<meta property=\"og:site_name\" content=\"J&ouml;rg B&uuml;rkin Elektrotechnik GmbH\" \/>\n<meta property=\"article:publisher\" content=\"https:\/\/www.facebook.com\/buerkinelektro\/?locale=de_DE\" \/>\n<meta property=\"article:modified_time\" content=\"2025-06-25T07:11:48+00:00\" \/>\n<meta name=\"twitter:card\" content=\"summary_large_image\" \/>\n<meta name=\"twitter:label1\" content=\"Gesch\u00e4tzte Lesezeit\" \/>\n\t<meta name=\"twitter:data1\" content=\"6\u00a0Minuten\" \/>\n<script type=\"application\/ld+json\" class=\"yoast-schema-graph\">{\"@context\":\"https:\\\/\\\/schema.org\",\"@graph\":[{\"@type\":\"WebPage\",\"@id\":\"https:\\\/\\\/www.buerkin-elektrotechnik.de\\\/cms\\\/index.php\\\/impressum-joerg-buerkin-elektrotechnik-gmbh\\\/\",\"url\":\"https:\\\/\\\/www.buerkin-elektrotechnik.de\\\/cms\\\/index.php\\\/impressum-joerg-buerkin-elektrotechnik-gmbh\\\/\",\"name\":\"Impressum | J\u00f6rg B\u00fcrkin Elektrotechnik GmbH\",\"isPartOf\":{\"@id\":\"https:\\\/\\\/www.buerkin-elektrotechnik.de\\\/cms\\\/#website\"},\"datePublished\":\"2024-10-29T14:30:26+00:00\",\"dateModified\":\"2025-06-25T07:11:48+00:00\",\"description\":\"Impressum von J\u00f6rg B\u00fcrkin Elektrotechnik: Hier finden Sie alle rechtlichen Informationen zu unserem Unternehmen.\",\"breadcrumb\":{\"@id\":\"https:\\\/\\\/www.buerkin-elektrotechnik.de\\\/cms\\\/index.php\\\/impressum-joerg-buerkin-elektrotechnik-gmbh\\\/#breadcrumb\"},\"inLanguage\":\"de\",\"potentialAction\":[{\"@type\":\"ReadAction\",\"target\":[\"https:\\\/\\\/www.buerkin-elektrotechnik.de\\\/cms\\\/index.php\\\/impressum-joerg-buerkin-elektrotechnik-gmbh\\\/\"]}]},{\"@type\":\"BreadcrumbList\",\"@id\":\"https:\\\/\\\/www.buerkin-elektrotechnik.de\\\/cms\\\/index.php\\\/impressum-joerg-buerkin-elektrotechnik-gmbh\\\/#breadcrumb\",\"itemListElement\":[{\"@type\":\"ListItem\",\"position\":1,\"name\":\"Startseite\",\"item\":\"https:\\\/\\\/www.buerkin-elektrotechnik.de\\\/cms\\\/\"},{\"@type\":\"ListItem\",\"position\":2,\"name\":\"Impressum\"}]},{\"@type\":\"WebSite\",\"@id\":\"https:\\\/\\\/www.buerkin-elektrotechnik.de\\\/cms\\\/#website\",\"url\":\"https:\\\/\\\/www.buerkin-elektrotechnik.de\\\/cms\\\/\",\"name\":\"J\u00f6rg B\u00fcrkin Elektrotechnik\",\"description\":\"\",\"publisher\":{\"@id\":\"https:\\\/\\\/www.buerkin-elektrotechnik.de\\\/cms\\\/#organization\"},\"potentialAction\":[{\"@type\":\"SearchAction\",\"target\":{\"@type\":\"EntryPoint\",\"urlTemplate\":\"https:\\\/\\\/www.buerkin-elektrotechnik.de\\\/cms\\\/?s={search_term_string}\"},\"query-input\":{\"@type\":\"PropertyValueSpecification\",\"valueRequired\":true,\"valueName\":\"search_term_string\"}}],\"inLanguage\":\"de\"},{\"@type\":\"Organization\",\"@id\":\"https:\\\/\\\/www.buerkin-elektrotechnik.de\\\/cms\\\/#organization\",\"name\":\"J\u00f6rg B\u00fcrkin Elektrotechnik GmbH\",\"url\":\"https:\\\/\\\/www.buerkin-elektrotechnik.de\\\/cms\\\/\",\"logo\":{\"@type\":\"ImageObject\",\"inLanguage\":\"de\",\"@id\":\"https:\\\/\\\/www.buerkin-elektrotechnik.de\\\/cms\\\/#\\\/schema\\\/logo\\\/image\\\/\",\"url\":\"https:\\\/\\\/www.buerkin-elektrotechnik.de\\\/cms\\\/wp-content\\\/uploads\\\/2024\\\/10\\\/Joerg-Buerkin-Logo.png\",\"contentUrl\":\"https:\\\/\\\/www.buerkin-elektrotechnik.de\\\/cms\\\/wp-content\\\/uploads\\\/2024\\\/10\\\/Joerg-Buerkin-Logo.png\",\"width\":1144,\"height\":394,\"caption\":\"J\u00f6rg B\u00fcrkin Elektrotechnik GmbH\"},\"image\":{\"@id\":\"https:\\\/\\\/www.buerkin-elektrotechnik.de\\\/cms\\\/#\\\/schema\\\/logo\\\/image\\\/\"},\"sameAs\":[\"https:\\\/\\\/www.facebook.com\\\/buerkinelektro\\\/?locale=de_DE\",\"https:\\\/\\\/www.instagram.com\\\/joerg_buerkin_elektrotechnik\\\/\"]}]}<\/script>\n<!-- \/ Yoast SEO plugin. -->","yoast_head_json":{"title":"Impressum | J\u00f6rg B\u00fcrkin Elektrotechnik GmbH","description":"Impressum von J\u00f6rg B\u00fcrkin Elektrotechnik: Hier finden Sie alle rechtlichen Informationen zu unserem Unternehmen.","robots":{"index":"index","follow":"follow","max-snippet":"max-snippet:-1","max-image-preview":"max-image-preview:large","max-video-preview":"max-video-preview:-1"},"canonical":"https:\/\/www.buerkin-elektrotechnik.de\/cms\/index.php\/impressum-joerg-buerkin-elektrotechnik-gmbh\/","og_locale":"de_DE","og_type":"article","og_title":"Impressum | J\u00f6rg B\u00fcrkin Elektrotechnik GmbH","og_description":"Impressum von J\u00f6rg B\u00fcrkin Elektrotechnik: Hier finden Sie alle rechtlichen Informationen zu unserem Unternehmen.","og_url":"https:\/\/www.buerkin-elektrotechnik.de\/cms\/index.php\/impressum-joerg-buerkin-elektrotechnik-gmbh\/","og_site_name":"J&ouml;rg B&uuml;rkin Elektrotechnik GmbH","article_publisher":"https:\/\/www.facebook.com\/buerkinelektro\/?locale=de_DE","article_modified_time":"2025-06-25T07:11:48+00:00","twitter_card":"summary_large_image","twitter_misc":{"Gesch\u00e4tzte Lesezeit":"6\u00a0Minuten"},"schema":{"@context":"https:\/\/schema.org","@graph":[{"@type":"WebPage","@id":"https:\/\/www.buerkin-elektrotechnik.de\/cms\/index.php\/impressum-joerg-buerkin-elektrotechnik-gmbh\/","url":"https:\/\/www.buerkin-elektrotechnik.de\/cms\/index.php\/impressum-joerg-buerkin-elektrotechnik-gmbh\/","name":"Impressum | J\u00f6rg B\u00fcrkin Elektrotechnik GmbH","isPartOf":{"@id":"https:\/\/www.buerkin-elektrotechnik.de\/cms\/#website"},"datePublished":"2024-10-29T14:30:26+00:00","dateModified":"2025-06-25T07:11:48+00:00","description":"Impressum von J\u00f6rg B\u00fcrkin Elektrotechnik: Hier finden Sie alle rechtlichen Informationen zu unserem Unternehmen.","breadcrumb":{"@id":"https:\/\/www.buerkin-elektrotechnik.de\/cms\/index.php\/impressum-joerg-buerkin-elektrotechnik-gmbh\/#breadcrumb"},"inLanguage":"de","potentialAction":[{"@type":"ReadAction","target":["https:\/\/www.buerkin-elektrotechnik.de\/cms\/index.php\/impressum-joerg-buerkin-elektrotechnik-gmbh\/"]}]},{"@type":"BreadcrumbList","@id":"https:\/\/www.buerkin-elektrotechnik.de\/cms\/index.php\/impressum-joerg-buerkin-elektrotechnik-gmbh\/#breadcrumb","itemListElement":[{"@type":"ListItem","position":1,"name":"Startseite","item":"https:\/\/www.buerkin-elektrotechnik.de\/cms\/"},{"@type":"ListItem","position":2,"name":"Impressum"}]},{"@type":"WebSite","@id":"https:\/\/www.buerkin-elektrotechnik.de\/cms\/#website","url":"https:\/\/www.buerkin-elektrotechnik.de\/cms\/","name":"J\u00f6rg B\u00fcrkin Elektrotechnik","description":"","publisher":{"@id":"https:\/\/www.buerkin-elektrotechnik.de\/cms\/#organization"},"potentialAction":[{"@type":"SearchAction","target":{"@type":"EntryPoint","urlTemplate":"https:\/\/www.buerkin-elektrotechnik.de\/cms\/?s={search_term_string}"},"query-input":{"@type":"PropertyValueSpecification","valueRequired":true,"valueName":"search_term_string"}}],"inLanguage":"de"},{"@type":"Organization","@id":"https:\/\/www.buerkin-elektrotechnik.de\/cms\/#organization","name":"J\u00f6rg B\u00fcrkin Elektrotechnik GmbH","url":"https:\/\/www.buerkin-elektrotechnik.de\/cms\/","logo":{"@type":"ImageObject","inLanguage":"de","@id":"https:\/\/www.buerkin-elektrotechnik.de\/cms\/#\/schema\/logo\/image\/","url":"https:\/\/www.buerkin-elektrotechnik.de\/cms\/wp-content\/uploads\/2024\/10\/Joerg-Buerkin-Logo.png","contentUrl":"https:\/\/www.buerkin-elektrotechnik.de\/cms\/wp-content\/uploads\/2024\/10\/Joerg-Buerkin-Logo.png","width":1144,"height":394,"caption":"J\u00f6rg B\u00fcrkin Elektrotechnik GmbH"},"image":{"@id":"https:\/\/www.buerkin-elektrotechnik.de\/cms\/#\/schema\/logo\/image\/"},"sameAs":["https:\/\/www.facebook.com\/buerkinelektro\/?locale=de_DE","https:\/\/www.instagram.com\/joerg_buerkin_elektrotechnik\/"]}]}},"_links":{"self":[{"href":"https:\/\/www.buerkin-elektrotechnik.de\/cms\/index.php\/wp-json\/wp\/v2\/pages\/42","targetHints":{"allow":["GET"]}}],"collection":[{"href":"https:\/\/www.buerkin-elektrotechnik.de\/cms\/index.php\/wp-json\/wp\/v2\/pages"}],"about":[{"href":"https:\/\/www.buerkin-elektrotechnik.de\/cms\/index.php\/wp-json\/wp\/v2\/types\/page"}],"author":[{"embeddable":true,"href":"https:\/\/www.buerkin-elektrotechnik.de\/cms\/index.php\/wp-json\/wp\/v2\/users\/2"}],"replies":[{"embeddable":true,"href":"https:\/\/www.buerkin-elektrotechnik.de\/cms\/index.php\/wp-json\/wp\/v2\/comments?post=42"}],"version-history":[{"count":6,"href":"https:\/\/www.buerkin-elektrotechnik.de\/cms\/index.php\/wp-json\/wp\/v2\/pages\/42\/revisions"}],"predecessor-version":[{"id":7047,"href":"https:\/\/www.buerkin-elektrotechnik.de\/cms\/index.php\/wp-json\/wp\/v2\/pages\/42\/revisions\/7047"}],"wp:attachment":[{"href":"https:\/\/www.buerkin-elektrotechnik.de\/cms\/index.php\/wp-json\/wp\/v2\/media?parent=42"}],"curies":[{"name":"wp","href":"https:\/\/api.w.org\/{rel}","templated":true}]}}